{"id":5121,"date":"2025-06-23T09:10:46","date_gmt":"2025-06-23T07:10:46","guid":{"rendered":"https:\/\/npa.uico.pl\/kariera\/"},"modified":"2025-08-14T16:23:32","modified_gmt":"2025-08-14T14:23:32","slug":"kariera","status":"publish","type":"page","link":"https:\/\/npa.uico.pl\/de\/kariera\/","title":{"rendered":"Karriere"},"content":{"rendered":"\t\t<div data-elementor-type=\"wp-page\" data-elementor-id=\"5121\" class=\"elementor elementor-5121 elementor-2381\">\n\t\t\t\t\t\t<section class=\"elementor-section elementor-top-section elementor-element elementor-element-f96d12f elementor-section-boxed elementor-section-height-default elementor-section-height-default\" data-id=\"f96d12f\" data-element_type=\"section\">\n\t\t\t\t\t\t<div class=\"elementor-container elementor-column-gap-default\">\n\t\t\t\t\t<div class=\"elementor-column elementor-col-100 elementor-top-column elementor-element elementor-element-3d87abe\" data-id=\"3d87abe\" data-element_type=\"column\">\n\t\t\t<div class=\"elementor-widget-wrap elementor-element-populated\">\n\t\t\t\t\t\t<div class=\"elementor-element elementor-element-1155837 elementor-widget elementor-widget-hero-job\" data-id=\"1155837\" data-element_type=\"widget\" data-widget_type=\"hero-job.default\">\n\t\t\t\t<div class=\"elementor-widget-container\">\n\t\t\t\t\t<section class=\"section hero-job-section none-margin-top none-margin-bottom\"><div class=\"wrap-out\">\n    <div class=\"container-hero\">\n                    <div class=\"media-in\">\n                <img fetchpriority=\"high\" decoding=\"async\" width=\"2874\" height=\"1000\" src=\"https:\/\/npa.uico.pl\/wp-content\/uploads\/2025\/06\/kariera-2874x1000.jpg\" class=\"only-desktop-tablet\" alt=\"\" srcset=\"https:\/\/npa.uico.pl\/wp-content\/uploads\/2025\/06\/kariera-2874x1000.jpg 2874w, https:\/\/npa.uico.pl\/wp-content\/uploads\/2025\/06\/kariera-18x7.jpg 18w\" sizes=\"(max-width: 2874px) 100vw, 2874px\" \/><img decoding=\"async\" width=\"2874\" height=\"1000\" src=\"https:\/\/npa.uico.pl\/wp-content\/uploads\/2025\/06\/kariera-2874x1000.jpg\" class=\"only-tablet mobile-left\" alt=\"\" srcset=\"https:\/\/npa.uico.pl\/wp-content\/uploads\/2025\/06\/kariera-2874x1000.jpg 2874w, https:\/\/npa.uico.pl\/wp-content\/uploads\/2025\/06\/kariera-18x7.jpg 18w\" sizes=\"(max-width: 2874px) 100vw, 2874px\" \/>            <\/div>\n                <\/div>\n    <div class=\"container main-part color-1\">\n        <div class=\"decor\"><\/div>\n        <section\n    class=\"section breadcrumbs font14 light none-margin-top none-margin-bottom\">\n    <div class=\"grid-breadcrumbs\">\n                <span class='pagename'>\n            Karriere        <\/span>\n            <\/div>\n<\/section><h2 class=\"big-title semibold\"><p>Karriere<\/p><\/h2><div class=\"desc\"><p>Wir suchen Kandidaten, die unsere Leidenschaft f\u00fcr Innovation teilen und bereit sind, Herausforderungen in&nbsp;einem dynamischen und sich schnell ver\u00e4ndernden Umfeld anzunehmen.<\/p><\/div>    <\/div>\n<\/div>\n    <div class=\"container slave-part\">\n        <div class=\"decor-slave\"><\/div>\n        <div class=\"box-wrap\">\n            <div class=\"box-in\">\n                <div class=\"left-box\">\n                    <div class=\"h3-text box-desc\"><p>Wir geh\u00f6ren zur Boryszew Gruppe<\/p><\/div>                <\/div>\n                <div class=\"right-box\">\n                                            <div class=\"single-box\">\n                                                            <div class=\"number color-4\">\n                                    <span class=\"word\"><\/span><span class=\"number-content\"\n                                        data-number=\"4\">0<\/span><span class=\"word\"><\/span>\n                                <\/div>\n                                <div class=\"box-desc color-3 semibold\"><p>Kontinente<\/p><\/div>                        <\/div>\n                                                <div class=\"single-box\">\n                                                            <div class=\"number color-4\">\n                                    <span class=\"word\"><\/span><span class=\"number-content\"\n                                        data-number=\"71\">0<\/span><span class=\"word\"><\/span>\n                                <\/div>\n                                <div class=\"box-desc color-3 semibold\"><p>Jahre Erfahrung<\/p><\/div>                        <\/div>\n                                                <div class=\"single-box\">\n                                                            <div class=\"number color-4\">\n                                    <span class=\"word\"><\/span><span class=\"number-content\"\n                                        data-number=\"100\">0<\/span><span class=\"word\">%<\/span>\n                                <\/div>\n                                <div class=\"box-desc color-3 semibold\"><p>Leidenschaft f\u00fcr Innovation<\/p><\/div>                        <\/div>\n                                        <\/div>\n            <\/div>\n        <\/div>\n    <\/div>\n    <\/section>\t\t\t\t<\/div>\n\t\t\t\t<\/div>\n\t\t\t\t<div class=\"elementor-element elementor-element-e2a7fff elementor-widget elementor-widget-chessboard\" data-id=\"e2a7fff\" data-element_type=\"widget\" data-widget_type=\"chessboard.default\">\n\t\t\t\t<div class=\"elementor-widget-container\">\n\t\t\t\t\t<section class=\"section chessboard-section none-margin-top none-margin-bottom\"><div class=\"container\">\n    <div class=\"chessboard-in grid-4 left\">\n        <div class=\"box-desc\">\n                <div class=\"custom-title-container \">\r\n              <div class=\"small-title-wrap h5-text\">\r\n          <img decoding=\"async\" width=\"24\" height=\"24\" src=\"https:\/\/npa.uico.pl\/wp-content\/uploads\/2025\/06\/circle.svg\" class=\"small-icon\" alt=\"\" \/>          <div class=\"small-title color-4\">\r\n            \u00dcber uns          <\/div>\r\n        <\/div>\r\n              <div class=\"h2-text semibold big-title-wrap big-title color-3\">\r\n        <p>Boryszew Gruppe<\/p>\n      <\/div>\r\n    <\/div>\r\n    <div class=\"wysiwyg light\"><p>Wir geh\u00f6ren zur Boryszew Gruppe.<\/p><p>\u00a0<\/p><p>Die Fabriken der Gruppe befinden sich auf 4 Kontinenten und sind auf die Produktion von Komponenten f\u00fcr die Automobil- und Energiesektoren sowie auf die Verarbeitung von Nichteisenmetallen und Stahl spezialisiert.<\/p><\/div>        <\/div>\n        <div class=\"box-image\">\n                            <div class=\"image-in\">\n                    <img loading=\"lazy\" decoding=\"async\" width=\"1232\" height=\"955\" src=\"https:\/\/npa.uico.pl\/wp-content\/uploads\/2025\/06\/map-1232x955.jpg\" class=\"chessboard-image\" alt=\"\" srcset=\"https:\/\/npa.uico.pl\/wp-content\/uploads\/2025\/06\/map-1232x955.jpg 1232w, https:\/\/npa.uico.pl\/wp-content\/uploads\/2025\/06\/map-18x14.jpg 18w, https:\/\/npa.uico.pl\/wp-content\/uploads\/2025\/06\/map-100x78.jpg 100w, https:\/\/npa.uico.pl\/wp-content\/uploads\/2025\/06\/map-84x65.jpg 84w, https:\/\/npa.uico.pl\/wp-content\/uploads\/2025\/06\/map-114x88.jpg 114w, https:\/\/npa.uico.pl\/wp-content\/uploads\/2025\/06\/map-164x127.jpg 164w, https:\/\/npa.uico.pl\/wp-content\/uploads\/2025\/06\/map-200x155.jpg 200w, https:\/\/npa.uico.pl\/wp-content\/uploads\/2025\/06\/map-281x218.jpg 281w, https:\/\/npa.uico.pl\/wp-content\/uploads\/2025\/06\/map-400x310.jpg 400w, https:\/\/npa.uico.pl\/wp-content\/uploads\/2025\/06\/map-712x552.jpg 712w, https:\/\/npa.uico.pl\/wp-content\/uploads\/2025\/06\/map-709x550.jpg 709w, https:\/\/npa.uico.pl\/wp-content\/uploads\/2025\/06\/map-1393x1080.jpg 1393w, https:\/\/npa.uico.pl\/wp-content\/uploads\/2025\/06\/map.jpg 1424w\" sizes=\"(max-width: 1232px) 100vw, 1232px\" \/>                <\/div>\n                        <\/div>\n    <\/div>\n<\/div>\n<\/section>\t\t\t\t<\/div>\n\t\t\t\t<\/div>\n\t\t\t\t<div class=\"elementor-element elementor-element-5b28911 elementor-widget elementor-widget-chessboard\" data-id=\"5b28911\" data-element_type=\"widget\" data-widget_type=\"chessboard.default\">\n\t\t\t\t<div class=\"elementor-widget-container\">\n\t\t\t\t\t<section class=\"section chessboard-section small-margin-top none-margin-bottom\"><div class=\"container\">\n    <div class=\"chessboard-in grid-4 right\">\n        <div class=\"box-desc\">\n                <div class=\"custom-title-container \">\r\n              <div class=\"small-title-wrap h5-text\">\r\n          <img loading=\"lazy\" decoding=\"async\" width=\"23\" height=\"24\" src=\"https:\/\/npa.uico.pl\/wp-content\/uploads\/2025\/06\/search.svg\" class=\"small-icon\" alt=\"\" \/>          <div class=\"small-title color-4\">\r\n            Kompetenz          <\/div>\r\n        <\/div>\r\n              <div class=\"h2-text semibold big-title-wrap big-title color-3\">\r\n        <p>70 Jahre Erfahrung!<\/p>\n      <\/div>\r\n    <\/div>\r\n    <div class=\"wysiwyg light\"><p>Aus der Tradition in&nbsp;die Zukunft: Unser Unternehmen ist aus der Umwandlung der 1954 gegr\u00fcndeten Skawina Metallwerke hervorgegangen<\/p><p>\u00a0<\/p><p>Mit dem Know-how und der Erfahrung aus mehr als 70 Jahren Werksgeschichte verbinden wir eine klare Vision, die einzigartigen M\u00f6glichkeiten von Aluminium auf innovative Weise zu&nbsp;nutzen.<\/p><\/div>        <\/div>\n        <div class=\"box-image\">\n                            <div class=\"image-in\">\n                    <img loading=\"lazy\" decoding=\"async\" width=\"1232\" height=\"884\" src=\"https:\/\/npa.uico.pl\/wp-content\/uploads\/2025\/06\/70-1232x884.jpg\" class=\"chessboard-image\" alt=\"\" srcset=\"https:\/\/npa.uico.pl\/wp-content\/uploads\/2025\/06\/70-1232x884.jpg 1232w, https:\/\/npa.uico.pl\/wp-content\/uploads\/2025\/06\/70-18x13.jpg 18w, https:\/\/npa.uico.pl\/wp-content\/uploads\/2025\/06\/70-100x72.jpg 100w, https:\/\/npa.uico.pl\/wp-content\/uploads\/2025\/06\/70-87x62.jpg 87w, https:\/\/npa.uico.pl\/wp-content\/uploads\/2025\/06\/70-114x82.jpg 114w, https:\/\/npa.uico.pl\/wp-content\/uploads\/2025\/06\/70-164x118.jpg 164w, https:\/\/npa.uico.pl\/wp-content\/uploads\/2025\/06\/70-200x144.jpg 200w, https:\/\/npa.uico.pl\/wp-content\/uploads\/2025\/06\/70-296x212.jpg 296w, https:\/\/npa.uico.pl\/wp-content\/uploads\/2025\/06\/70-400x287.jpg 400w, https:\/\/npa.uico.pl\/wp-content\/uploads\/2025\/06\/70-712x511.jpg 712w, https:\/\/npa.uico.pl\/wp-content\/uploads\/2025\/06\/70-766x550.jpg 766w, https:\/\/npa.uico.pl\/wp-content\/uploads\/2025\/06\/70.jpg 1424w\" sizes=\"(max-width: 1232px) 100vw, 1232px\" \/>                <\/div>\n                        <\/div>\n    <\/div>\n<\/div>\n<\/section>\t\t\t\t<\/div>\n\t\t\t\t<\/div>\n\t\t\t\t<div class=\"elementor-element elementor-element-bb2709f elementor-widget elementor-widget-chessboard\" data-id=\"bb2709f\" data-element_type=\"widget\" data-widget_type=\"chessboard.default\">\n\t\t\t\t<div class=\"elementor-widget-container\">\n\t\t\t\t\t<section class=\"section chessboard-section small-margin-top none-margin-bottom\"><div class=\"container\">\n    <div class=\"chessboard-in grid-4 left\">\n        <div class=\"box-desc\">\n                <div class=\"custom-title-container \">\r\n              <div class=\"small-title-wrap h5-text\">\r\n          <img loading=\"lazy\" decoding=\"async\" width=\"24\" height=\"24\" src=\"https:\/\/npa.uico.pl\/wp-content\/uploads\/2025\/06\/target.svg\" class=\"small-icon\" alt=\"\" \/>          <div class=\"small-title color-4\">\r\n            Unsere Mission          <\/div>\r\n        <\/div>\r\n              <div class=\"h2-text semibold big-title-wrap big-title color-3\">\r\n        <p>Know-how und Erfahrung<\/p>\n      <\/div>\r\n    <\/div>\r\n    <div class=\"wysiwyg light\"><p>Wir setzen auf die Verbindung jahrzehntelanger Tradition mit Modernit\u00e4t und innovativen L\u00f6sungen, die unter anderem zu&nbsp;einer nachhaltigen Entwicklung beitragen.<\/p><p>\u00a0<\/p><p>Unsere St\u00e4rke sind unsere Mitarbeiter \u2013 ein Team, das alle Altersgruppen umfasst: von jungen Talenten, die ihre ersten Schritte im&nbsp;Berufsleben machen, bis hin zu&nbsp;erfahrenen Fachkr\u00e4ften mit umfangreichem Know-how.<\/p><p>\u00a0<\/p><p>Unsere Mission basiert auf den Werten Zusammenarbeit und Offenheit. Sie schaffen ein Arbeitsumfeld, in&nbsp;dem jeder die M\u00f6glichkeit hat, seine F\u00e4higkeiten und berufliche Erfahrung weiterzuentwickeln.<\/p><p>Wir suchen Menschen, die unsere Leidenschaft f\u00fcr Innovation teilen und bereit sind, Herausforderungen in&nbsp;einem sich dynamisch ver\u00e4ndernden Umfeld anzunehmen.<\/p><\/div>        <\/div>\n        <div class=\"box-image\">\n                            <div class=\"image-in\">\n                    <img loading=\"lazy\" decoding=\"async\" width=\"1232\" height=\"955\" src=\"https:\/\/npa.uico.pl\/wp-content\/uploads\/2025\/06\/light-1232x955.jpg\" class=\"chessboard-image\" alt=\"\" srcset=\"https:\/\/npa.uico.pl\/wp-content\/uploads\/2025\/06\/light-1232x955.jpg 1232w, https:\/\/npa.uico.pl\/wp-content\/uploads\/2025\/06\/light-18x14.jpg 18w, https:\/\/npa.uico.pl\/wp-content\/uploads\/2025\/06\/light-100x78.jpg 100w, https:\/\/npa.uico.pl\/wp-content\/uploads\/2025\/06\/light-84x65.jpg 84w, https:\/\/npa.uico.pl\/wp-content\/uploads\/2025\/06\/light-114x88.jpg 114w, https:\/\/npa.uico.pl\/wp-content\/uploads\/2025\/06\/light-164x127.jpg 164w, https:\/\/npa.uico.pl\/wp-content\/uploads\/2025\/06\/light-200x155.jpg 200w, https:\/\/npa.uico.pl\/wp-content\/uploads\/2025\/06\/light-281x218.jpg 281w, https:\/\/npa.uico.pl\/wp-content\/uploads\/2025\/06\/light-400x310.jpg 400w, https:\/\/npa.uico.pl\/wp-content\/uploads\/2025\/06\/light-712x552.jpg 712w, https:\/\/npa.uico.pl\/wp-content\/uploads\/2025\/06\/light-709x550.jpg 709w, https:\/\/npa.uico.pl\/wp-content\/uploads\/2025\/06\/light-1393x1080.jpg 1393w, https:\/\/npa.uico.pl\/wp-content\/uploads\/2025\/06\/light.jpg 1424w\" sizes=\"(max-width: 1232px) 100vw, 1232px\" \/>                <\/div>\n                        <\/div>\n    <\/div>\n<\/div>\n<\/section>\t\t\t\t<\/div>\n\t\t\t\t<\/div>\n\t\t\t\t<div class=\"elementor-element elementor-element-e9046d0 elementor-widget elementor-widget-boxes-color\" data-id=\"e9046d0\" data-element_type=\"widget\" data-widget_type=\"boxes-color.default\">\n\t\t\t\t<div class=\"elementor-widget-container\">\n\t\t\t\t\t<section class=\"section boxes-color-section regular-margin-top regular-margin-bottom\"><div class=\"container\">\n    <div class=\"h2-text title color-3 semibold\"><p>Was wir bieten?<\/p><\/div><div class=\"h5-text wysiwyg color-4 semibold\"><p>Wir bieten eine Reihe von Vorteilen, die unter anderem Ihre berufliche und pers\u00f6nliche Entwicklung unterst\u00fctzen:<\/p><\/div>        <div class=\"container-list grid-4\">\n                            <div class=\"single-box\">\n                    <div class=\"image-container\">\n                        <img loading=\"lazy\" decoding=\"async\" width=\"33\" height=\"33\" src=\"https:\/\/npa.uico.pl\/wp-content\/uploads\/2025\/06\/icon4.svg\" class=\"icon-image\" alt=\"\" \/>                    <\/div>\n                    <div class=\"el-title color-4 bold\"><p>Entwicklungsm\u00f6glichkeiten<\/p><\/div><div class=\"el-desc color-3\"><p>Wir bieten Schulungen, Workshops und individuelle Entwicklungswege, die die berufliche und pers\u00f6nliche Weiterentwicklung unserer Mitarbeitenden f\u00f6rdern.<\/p><\/div>                <\/div>\n                                <div class=\"single-box\">\n                    <div class=\"image-container\">\n                        <img loading=\"lazy\" decoding=\"async\" width=\"33\" height=\"33\" src=\"https:\/\/npa.uico.pl\/wp-content\/uploads\/2025\/06\/icon2.svg\" class=\"icon-image\" alt=\"\" \/>                    <\/div>\n                    <div class=\"el-title color-4 bold\"><p>Benefits<\/p><\/div><div class=\"el-desc color-3\"><p>Betriebliche Gesundheitsversorgung, Multisport-Karte, Mitarbeiterkantine,\u00a0<\/p><p>Mitarbeiter-werben-Mitarbeiter-Programm.<\/p><\/div>                <\/div>\n                                <div class=\"single-box\">\n                    <div class=\"image-container\">\n                        <img loading=\"lazy\" decoding=\"async\" width=\"34\" height=\"34\" src=\"https:\/\/npa.uico.pl\/wp-content\/uploads\/2025\/06\/icon3.svg\" class=\"icon-image\" alt=\"\" \/>                    <\/div>\n                    <div class=\"el-title color-4 bold\"><p>Sozialpaket<\/p><\/div><div class=\"el-desc color-3\"><p>Unterst\u00fctzung zu&nbsp;besonderen Anl\u00e4ssen, Sozialfonds, Betriebliche Altersvorsorge.<\/p><\/div>                <\/div>\n                                <div class=\"single-box\">\n                    <div class=\"image-container\">\n                        <img loading=\"lazy\" decoding=\"async\" width=\"31\" height=\"31\" src=\"https:\/\/npa.uico.pl\/wp-content\/uploads\/2025\/06\/icon1.svg\" class=\"icon-image\" alt=\"\" \/>                    <\/div>\n                    <div class=\"el-title color-4 bold\"><p>Langfristige Perspektive<\/p><\/div><div class=\"el-desc color-3\"><p>Wir bieten unbefristete Arbeitsvertr\u00e4ge sowie zus\u00e4tzliche Verg\u00fctungen f\u00fcr spezielle Eins\u00e4tze, wie Nacht- oder Wochenendarbeit.<\/p><\/div>                <\/div>\n                        <\/div>\n        <\/div>\n<\/section>\t\t\t\t<\/div>\n\t\t\t\t<\/div>\n\t\t\t\t<div class=\"elementor-element elementor-element-8eb21fa elementor-widget elementor-widget-image-link\" data-id=\"8eb21fa\" data-element_type=\"widget\" data-widget_type=\"image-link.default\">\n\t\t\t\t<div class=\"elementor-widget-container\">\n\t\t\t\t\t<section\n    class=\"section image-link-section -margin-top -margin-bottom small-banner\">\n            <div class=\"container-image\"\n            style=\"background-image: url('https:\/\/npa.uico.pl\/wp-content\/uploads\/2025\/06\/image-1682x1300.jpg')\">\n        <\/div>\n            <div class=\"container\">\n        <div class=\"h1-text color-1 light content\"><p>Gemeinsam bauen wir eine Zukunft, in&nbsp;der das Wachstum jedes Mitarbeiters der Schl\u00fcssel zum Erfolg des gesamten Teams ist.<\/p><\/div>            <div class=\"decor\"><\/div>\n            <\/div>\n<\/section>\t\t\t\t<\/div>\n\t\t\t\t<\/div>\n\t\t\t\t<div class=\"elementor-element elementor-element-af83a2f elementor-widget elementor-widget-job-list\" data-id=\"af83a2f\" data-element_type=\"widget\" data-widget_type=\"job-list.default\">\n\t\t\t\t<div class=\"elementor-widget-container\">\n\t\t\t\t\t<section class=\"section job-list-section regular-margin-top regular-margin-bottom\"><div class=\"container\"\n    id='stellenangebote'>\n    <div class=\"grid\">\n        <div class=\"left-box\">\n                <div class=\"custom-title-container \">\r\n              <div class=\"small-title-wrap h5-text\">\r\n          <img loading=\"lazy\" decoding=\"async\" width=\"21\" height=\"15\" src=\"https:\/\/npa.uico.pl\/wp-content\/uploads\/2025\/06\/people.svg\" class=\"small-icon\" alt=\"\" \/>          <div class=\"small-title color-4\">\r\n            Karriere          <\/div>\r\n        <\/div>\r\n              <div class=\"h2-text semibold big-title-wrap big-title color-3\">\r\n        <p>Stellenangebote<\/p>\n      <\/div>\r\n    <\/div>\r\n    <div class=\"wysiwyg light\"><p>Werden Sie Teil unseres Teams in&nbsp;der Aluminiumbranche!<\/p><\/div>        <\/div>\n        <div class=\"right-box collapsed-wrap\">\n            <form action=\"\"\n  class=\"single-job-container collapsed-container opened\" method=\"POST\"\n  id=\"specjalista-sprzedazy\">\n  <input name='form_post_id' type=\"hidden\" value=\"5130\">\n  <div class=\"title-container clickable-button\">\n    <div class=\"title semibold\"> Specjalista Sprzeda\u017cy<\/div>\n    <div class=\"button-open-close\"><span class=\"plus\"><\/span><span class=\"minus\"><\/span><\/div>\n  <\/div>\n  <div class=\"content-wrap\">\n    <div class=\"wrap-in\">\n                <div class=\"desc font14 light\">\n            <p>Szukamy zmotywowanych specjalist\u00f3w sprzeda\u017cy, kt\u00f3rzy do\u0142\u0105cz\u0105 do&nbsp;naszego zespo\u0142u. Oferujemy konkurencyjne wynagrodzenie oraz mo\u017cliwo\u015b\u0107 rozwoju.<br \/>\nPracuj w&nbsp;dynamicznym \u015brodowisku i&nbsp;rozwijaj swoje umiej\u0119tno\u015bci.<\/p>\n<p>Przed wys\u0142aniem zg\u0142oszenia, zapoznaj si\u0119 z&nbsp;nasz\u0105 <a href=\"https:\/\/npa.uico.pl\/klauzula-informacyjna\/\" target=\"_blank\" rel=\"noopener\">klauzul\u0105 informacyjn\u0105.<\/a><\/p>\n          <\/div>\n              <\/div>\n  <\/div>\n<\/form><form action=\"\"\n  class=\"single-job-container collapsed-container \" method=\"POST\"\n  id=\"operator-maszyn\">\n  <input name='form_post_id' type=\"hidden\" value=\"5131\">\n  <div class=\"title-container clickable-button\">\n    <div class=\"title semibold\"> Operator maszyn<\/div>\n    <div class=\"button-open-close\"><span class=\"plus\"><\/span><span class=\"minus\"><\/span><\/div>\n  <\/div>\n  <div class=\"content-wrap\">\n    <div class=\"wrap-in\">\n                <div class=\"desc font14 light\">\n            <p>Szukamy zmotywowanych operator\u00f3w maszyn, kt\u00f3rzy do\u0142\u0105cz\u0105 do&nbsp;naszego zespo\u0142u. Oferujemy konkurencyjne wynagrodzenie oraz mo\u017cliwo\u015b\u0107 rozwoju.<br \/>\nPracuj w&nbsp;dynamicznym \u015brodowisku i&nbsp;rozwijaj swoje umiej\u0119tno\u015bci.<\/p>\n<p>Przed wys\u0142aniem zg\u0142oszenia, zapoznaj si\u0119 z&nbsp;nasz\u0105 <a href=\"https:\/\/npa.uico.pl\/klauzula-informacyjna\/\" target=\"_blank\" rel=\"noopener\">klauzul\u0105 informacyjn\u0105.<\/a><\/p>\n          <\/div>\n              <\/div>\n  <\/div>\n<\/form><form action=\"\"\n  class=\"single-job-container collapsed-container \" method=\"POST\"\n  id=\"technik\">\n  <input name='form_post_id' type=\"hidden\" value=\"5129\">\n  <div class=\"title-container clickable-button\">\n    <div class=\"title semibold\"> Technik<\/div>\n    <div class=\"button-open-close\"><span class=\"plus\"><\/span><span class=\"minus\"><\/span><\/div>\n  <\/div>\n  <div class=\"content-wrap\">\n    <div class=\"wrap-in\">\n                <div class=\"desc font14 light\">\n            <p>Szukamy zmotywowanych technik\u00f3w, kt\u00f3rzy do\u0142\u0105cz\u0105 do&nbsp;naszego zespo\u0142u. Oferujemy konkurencyjne wynagrodzenie oraz mo\u017cliwo\u015b\u0107 rozwoju.<br \/>\nPracuj w&nbsp;dynamicznym \u015brodowisku i&nbsp;rozwijaj swoje umiej\u0119tno\u015bci.<\/p>\n<p>Przed wys\u0142aniem zg\u0142oszenia, zapoznaj si\u0119 z&nbsp;nasz\u0105 <a href=\"https:\/\/npa.uico.pl\/klauzula-informacyjna\/\" target=\"_blank\" rel=\"noopener\">klauzul\u0105 informacyjn\u0105.<\/a><\/p>\n          <\/div>\n              <\/div>\n  <\/div>\n<\/form>                    <\/div>\n    <\/div>\n<\/div>\n<\/section>\t\t\t\t<\/div>\n\t\t\t\t<\/div>\n\t\t\t\t\t<\/div>\n\t\t<\/div>\n\t\t\t\t\t<\/div>\n\t\t<\/section>\n\t\t\t\t<\/div>\n\t\t","protected":false},"excerpt":{"rendered":"<p>Karriere Karriere Wir suchen Kandidaten, die unsere Leidenschaft f\u00fcr Innovation teilen und bereit sind, Herausforderungen in&nbsp;einem dynamischen und sich schnell ver\u00e4ndernden Umfeld anzunehmen. Wir geh\u00f6ren zur Boryszew Gruppe 0 Kontinente 0 Jahre Erfahrung 0% Leidenschaft f\u00fcr Innovation \u00dcber uns Boryszew Gruppe Wir geh\u00f6ren zur Boryszew Gruppe. \u00a0 Die Fabriken der Gruppe befinden sich auf 4 Kontinenten und sind auf die Produktion von Komponenten f\u00fcr die Automobil- und Energiesektoren sowie auf die Verarbeitung von Nichteisenmetallen und Stahl spezialisiert. Kompetenz 70 Jahre Erfahrung! Aus der Tradition in&nbsp;die Zukunft: Unser Unternehmen ist aus der Umwandlung der 1954 gegr\u00fcndeten Skawina Metallwerke hervorgegangen \u00a0 Mit dem Know-how und der Erfahrung [&hellip;]<\/p>\n","protected":false},"author":2,"featured_media":0,"parent":0,"menu_order":0,"comment_status":"closed","ping_status":"closed","template":"","meta":[],"class_list":["post-5121","page","type-page","status-publish","hentry"],"acf":[],"_links":{"self":[{"href":"https:\/\/npa.uico.pl\/de\/wp-json\/wp\/v2\/pages\/5121","targetHints":{"allow":["GET"]}}],"collection":[{"href":"https:\/\/npa.uico.pl\/de\/wp-json\/wp\/v2\/pages"}],"about":[{"href":"https:\/\/npa.uico.pl\/de\/wp-json\/wp\/v2\/types\/page"}],"author":[{"embeddable":true,"href":"https:\/\/npa.uico.pl\/de\/wp-json\/wp\/v2\/users\/2"}],"replies":[{"embeddable":true,"href":"https:\/\/npa.uico.pl\/de\/wp-json\/wp\/v2\/comments?post=5121"}],"version-history":[{"count":16,"href":"https:\/\/npa.uico.pl\/de\/wp-json\/wp\/v2\/pages\/5121\/revisions"}],"predecessor-version":[{"id":5683,"href":"https:\/\/npa.uico.pl\/de\/wp-json\/wp\/v2\/pages\/5121\/revisions\/5683"}],"wp:attachment":[{"href":"https:\/\/npa.uico.pl\/de\/wp-json\/wp\/v2\/media?parent=5121"}],"curies":[{"name":"wp","href":"https:\/\/api.w.org\/{rel}","templated":true}]}}