{"id":3756,"date":"2025-06-23T09:12:59","date_gmt":"2025-06-23T07:12:59","guid":{"rendered":"https:\/\/npa.uico.pl\/projekty\/"},"modified":"2025-08-05T11:13:02","modified_gmt":"2025-08-05T09:13:02","slug":"projects","status":"publish","type":"page","link":"https:\/\/npa.uico.pl\/en\/projects\/","title":{"rendered":"Projects"},"content":{"rendered":"\t\t<div data-elementor-type=\"wp-page\" data-elementor-id=\"3756\" class=\"elementor elementor-3756 elementor-2385\">\n\t\t\t\t\t\t<section class=\"elementor-section elementor-top-section elementor-element elementor-element-3b1a01d elementor-section-boxed elementor-section-height-default elementor-section-height-default\" data-id=\"3b1a01d\" data-element_type=\"section\">\n\t\t\t\t\t\t<div class=\"elementor-container elementor-column-gap-default\">\n\t\t\t\t\t<div class=\"elementor-column elementor-col-100 elementor-top-column elementor-element elementor-element-7b53a17\" data-id=\"7b53a17\" data-element_type=\"column\">\n\t\t\t<div class=\"elementor-widget-wrap\">\n\t\t\t\t\t\t\t<\/div>\n\t\t<\/div>\n\t\t\t\t\t<\/div>\n\t\t<\/section>\n\t\t\t\t<section class=\"elementor-section elementor-top-section elementor-element elementor-element-6b4ef24 elementor-section-boxed elementor-section-height-default elementor-section-height-default\" data-id=\"6b4ef24\" data-element_type=\"section\">\n\t\t\t\t\t\t<div class=\"elementor-container elementor-column-gap-default\">\n\t\t\t\t\t<div class=\"elementor-column elementor-col-100 elementor-top-column elementor-element elementor-element-2b9784d\" data-id=\"2b9784d\" data-element_type=\"column\">\n\t\t\t<div class=\"elementor-widget-wrap elementor-element-populated\">\n\t\t\t\t\t\t<div class=\"elementor-element elementor-element-8efdb7f elementor-widget elementor-widget-hero-small\" data-id=\"8efdb7f\" data-element_type=\"widget\" data-widget_type=\"hero-small.default\">\n\t\t\t\t<div class=\"elementor-widget-container\">\n\t\t\t\t\t<section class=\"section hero-small-section none-margin-top none-margin-bottom\"><div class=\"wrap-out\">\n    <div class=\"container-hero\">\n                    <div class=\"media-in\">\n                <img fetchpriority=\"high\" decoding=\"async\" width=\"2880\" height=\"760\" src=\"https:\/\/npa.uico.pl\/wp-content\/uploads\/2025\/07\/pro.jpg\" class=\"only-desktop-tablet\" alt=\"\" srcset=\"https:\/\/npa.uico.pl\/wp-content\/uploads\/2025\/07\/pro.jpg 2880w, https:\/\/npa.uico.pl\/wp-content\/uploads\/2025\/07\/pro-18x5.jpg 18w, https:\/\/npa.uico.pl\/wp-content\/uploads\/2025\/07\/pro-100x26.jpg 100w, https:\/\/npa.uico.pl\/wp-content\/uploads\/2025\/07\/pro-87x23.jpg 87w, https:\/\/npa.uico.pl\/wp-content\/uploads\/2025\/07\/pro-114x30.jpg 114w, https:\/\/npa.uico.pl\/wp-content\/uploads\/2025\/07\/pro-164x43.jpg 164w, https:\/\/npa.uico.pl\/wp-content\/uploads\/2025\/07\/pro-200x53.jpg 200w, https:\/\/npa.uico.pl\/wp-content\/uploads\/2025\/07\/pro-296x78.jpg 296w, https:\/\/npa.uico.pl\/wp-content\/uploads\/2025\/07\/pro-400x106.jpg 400w, https:\/\/npa.uico.pl\/wp-content\/uploads\/2025\/07\/pro-712x188.jpg 712w, https:\/\/npa.uico.pl\/wp-content\/uploads\/2025\/07\/pro-1232x325.jpg 1232w, https:\/\/npa.uico.pl\/wp-content\/uploads\/2025\/07\/pro-1440x380.jpg 1440w, https:\/\/npa.uico.pl\/wp-content\/uploads\/2025\/07\/pro-1920x507.jpg 1920w\" sizes=\"(max-width: 2880px) 100vw, 2880px\" \/><img decoding=\"async\" width=\"2880\" height=\"760\" src=\"https:\/\/npa.uico.pl\/wp-content\/uploads\/2025\/07\/pro.jpg\" class=\"only-tablet\" alt=\"\" srcset=\"https:\/\/npa.uico.pl\/wp-content\/uploads\/2025\/07\/pro.jpg 2880w, https:\/\/npa.uico.pl\/wp-content\/uploads\/2025\/07\/pro-18x5.jpg 18w, https:\/\/npa.uico.pl\/wp-content\/uploads\/2025\/07\/pro-100x26.jpg 100w, https:\/\/npa.uico.pl\/wp-content\/uploads\/2025\/07\/pro-87x23.jpg 87w, https:\/\/npa.uico.pl\/wp-content\/uploads\/2025\/07\/pro-114x30.jpg 114w, https:\/\/npa.uico.pl\/wp-content\/uploads\/2025\/07\/pro-164x43.jpg 164w, https:\/\/npa.uico.pl\/wp-content\/uploads\/2025\/07\/pro-200x53.jpg 200w, https:\/\/npa.uico.pl\/wp-content\/uploads\/2025\/07\/pro-296x78.jpg 296w, https:\/\/npa.uico.pl\/wp-content\/uploads\/2025\/07\/pro-400x106.jpg 400w, https:\/\/npa.uico.pl\/wp-content\/uploads\/2025\/07\/pro-712x188.jpg 712w, https:\/\/npa.uico.pl\/wp-content\/uploads\/2025\/07\/pro-1232x325.jpg 1232w, https:\/\/npa.uico.pl\/wp-content\/uploads\/2025\/07\/pro-1440x380.jpg 1440w, https:\/\/npa.uico.pl\/wp-content\/uploads\/2025\/07\/pro-1920x507.jpg 1920w\" sizes=\"(max-width: 2880px) 100vw, 2880px\" \/>            <\/div>\n                <\/div>\n    <div class=\"container main-part color-1\">\n        <div class=\"decor\"><\/div>\n                <section\n    class=\"section breadcrumbs font14 light none-margin-top none-margin-bottom\">\n    <div class=\"grid-breadcrumbs\">\n                <span class='pagename'>\n            Projects        <\/span>\n            <\/div>\n<\/section><h2 class=\"big-title semibold\"><p>Our ongoing projects<\/p><\/h2>    <\/div>\n<\/div>\n<\/section>\t\t\t\t<\/div>\n\t\t\t\t<\/div>\n\t\t\t\t<div class=\"elementor-element elementor-element-7a29a65 elementor-widget elementor-widget-project\" data-id=\"7a29a65\" data-element_type=\"widget\" data-widget_type=\"project.default\">\n\t\t\t\t<div class=\"elementor-widget-container\">\n\t\t\t\t\t<section class=\"section project-section regular-margin-top regular-margin-bottom\"><div class=\"wrap-out\"><div class=\"container\">\n    <div class=\"grid-4\">\n        <a href=\"https:\/\/npa.uico.pl\/en\/projekt\/poir-1-1-2-opracowanie-innowacyjnej-technologii-produkcji-walcowki-z-wysokowytrzymalych-stopow-aluminium-serii-2xxx-5xxx-i-7xxx\/\" class=\"single-project-container\">\n  <div class=\"thumbnail-container\">\n    <img decoding=\"async\" width=\"200\" height=\"80\" src=\"https:\/\/npa.uico.pl\/wp-content\/uploads\/2025\/07\/eu-jp-200x80.jpg\" class=\"attachment-image-200x200 size-image-200x200 wp-post-image\" alt=\"\" srcset=\"https:\/\/npa.uico.pl\/wp-content\/uploads\/2025\/07\/eu-jp-200x80.jpg 200w, https:\/\/npa.uico.pl\/wp-content\/uploads\/2025\/07\/eu-jp-18x7.jpg 18w, https:\/\/npa.uico.pl\/wp-content\/uploads\/2025\/07\/eu-jp-100x40.jpg 100w, https:\/\/npa.uico.pl\/wp-content\/uploads\/2025\/07\/eu-jp-87x35.jpg 87w, https:\/\/npa.uico.pl\/wp-content\/uploads\/2025\/07\/eu-jp-114x46.jpg 114w, https:\/\/npa.uico.pl\/wp-content\/uploads\/2025\/07\/eu-jp-164x66.jpg 164w, https:\/\/npa.uico.pl\/wp-content\/uploads\/2025\/07\/eu-jp-296x119.jpg 296w, https:\/\/npa.uico.pl\/wp-content\/uploads\/2025\/07\/eu-jp.jpg 368w\" sizes=\"(max-width: 200px) 100vw, 200px\" \/>  <\/div>\n  <div class=\"container-desc\">\n    <div class=\"medium name\">\n      <span>POIR 1.1.2 Development of an Innovative Technology for the Production of Wire Rod from High-Strength Aluminum Alloys of the 2xxx, 5xxx, and 7xxx Series<\/span>\n    <\/div>\n    <div class=\"link-9\">Wi\u0119cej<\/div>\n  <\/div>\n<\/a>    <\/div>\n<\/div>\n<\/div><\/section>\t\t\t\t<\/div>\n\t\t\t\t<\/div>\n\t\t\t\t\t<\/div>\n\t\t<\/div>\n\t\t\t\t\t<\/div>\n\t\t<\/section>\n\t\t\t\t<\/div>\n\t\t","protected":false},"excerpt":{"rendered":"<p>Projects Our ongoing projects POIR 1.1.2 Opracowanie Innowacyjnej Technologii Produkcji Walc\u00f3wki Z Wysokowytrzyma\u0142ych Stop\u00f3w Aluminium Serii 2Xxx, 5Xxx I 7Xxx Wi\u0119cej<\/p>\n","protected":false},"author":2,"featured_media":0,"parent":0,"menu_order":0,"comment_status":"closed","ping_status":"closed","template":"","meta":[],"class_list":["post-3756","page","type-page","status-publish","hentry"],"acf":[],"_links":{"self":[{"href":"https:\/\/npa.uico.pl\/en\/wp-json\/wp\/v2\/pages\/3756","targetHints":{"allow":["GET"]}}],"collection":[{"href":"https:\/\/npa.uico.pl\/en\/wp-json\/wp\/v2\/pages"}],"about":[{"href":"https:\/\/npa.uico.pl\/en\/wp-json\/wp\/v2\/types\/page"}],"author":[{"embeddable":true,"href":"https:\/\/npa.uico.pl\/en\/wp-json\/wp\/v2\/users\/2"}],"replies":[{"embeddable":true,"href":"https:\/\/npa.uico.pl\/en\/wp-json\/wp\/v2\/comments?post=3756"}],"version-history":[{"count":7,"href":"https:\/\/npa.uico.pl\/en\/wp-json\/wp\/v2\/pages\/3756\/revisions"}],"predecessor-version":[{"id":4324,"href":"https:\/\/npa.uico.pl\/en\/wp-json\/wp\/v2\/pages\/3756\/revisions\/4324"}],"wp:attachment":[{"href":"https:\/\/npa.uico.pl\/en\/wp-json\/wp\/v2\/media?parent=3756"}],"curies":[{"name":"wp","href":"https:\/\/api.w.org\/{rel}","templated":true}]}}